{"id":3804,"date":"2018-08-19T11:54:48","date_gmt":"2018-08-19T11:54:48","guid":{"rendered":"http:\/\/sapir.dooble.info\/azienda\/quality\/"},"modified":"2024-08-12T07:02:39","modified_gmt":"2024-08-12T07:02:39","slug":"quality","status":"publish","type":"page","link":"https:\/\/sapirplastics.com\/it\/azienda\/quality\/","title":{"rendered":"Qualit\u00e0"},"content":{"rendered":"<p>[vc_row rt_row_background_width=&#8221;default&#8221; rt_row_style=&#8221;default-style&#8221; rt_row_borders=&#8221;&#8221; rt_row_paddings=&#8221;true&#8221; rt_bg_effect=&#8221;classic&#8221; rt_bg_image_repeat=&#8221;repeat&#8221; rt_bg_size=&#8221;cover&#8221; rt_bg_position=&#8221;right top&#8221; rt_bg_attachment=&#8221;scroll&#8221; rt_bg_video_format=&#8221;self-hosted&#8221;][vc_column rt_wrp_col_paddings=&#8221;false&#8221; rt_border_top=&#8221;&#8221; rt_border_bottom=&#8221;&#8221; rt_border_left=&#8221;&#8221; rt_border_right=&#8221;&#8221; rt_border_top_mobile=&#8221;&#8221; rt_border_bottom_mobile=&#8221;&#8221; rt_border_left_mobile=&#8221;&#8221; rt_border_right_mobile=&#8221;&#8221; rt_bg_image_repeat=&#8221;repeat&#8221; rt_bg_size=&#8221;auto auto&#8221; rt_bg_position=&#8221;right top&#8221; rt_bg_attachment=&#8221;scroll&#8221;][vc_column_text]<\/p>\n<h2><strong>Standard di qualit\u00e0<\/strong><\/h2>\n<p>In quanto azienda internazionale e leader nel suo settore, Sapir Plastic Industries si impegna a rispettare gli standard di qualit\u00e0 e igiene pi\u00f9 elevati a livello internazionale. Le nostre linee di produzione utilizzano attrezzature all&#8217;avanguardia, compresi robot avanzati, per una produzione rapida, precisa, efficiente e soprattutto conveniente.<\/p>\n<p>SAPIR \u00e8 conforme agli standard REACH dell&#8217;Unione Europea ed \u00e8 anche un produttore certificato ISO (ISO 90012008).<\/p>\n<p>La nostra consapevolezza ambientale \u00e8 fondamentale per lo sviluppo dei nostri prodotti. Pertanto, tutti i nostri prodotti sono ecologici e riciclabili, compresa la nostra linea eco stretch che \u00e8 realizzata con materiali grezzi extra sottili, multi-strato e riciclabili.<\/p>\n<h2><strong>Controllo Qualit\u00e0<\/strong><\/h2>\n<p>Sapir effettua regolari test sul prodotto per assicurarsi che i film estensibili e tutti gli altri prodotti rispettino i pi\u00f9 elevati standard di normative e requisiti di qualit\u00e0. Le nostre linee di produzione sono dotate di sensori e scanner e il nostro avanzato equipaggiamento per test e il team di Controllo Qualit\u00e0 sono dedicati a mantenere l&#8217;elevata qualit\u00e0 dei nostri prodotti.[\/vc_column_text][vc_row_inner rt_row_style=&#8221;global-style&#8221; rt_row_borders=&#8221;&#8221; rt_row_paddings=&#8221;true&#8221; rt_bg_effect=&#8221;classic&#8221; rt_bg_image_repeat=&#8221;repeat&#8221; rt_bg_size=&#8221;cover&#8221; rt_bg_position=&#8221;right top&#8221; rt_bg_attachment=&#8221;scroll&#8221; rt_bg_video_format=&#8221;self-hosted&#8221;][vc_column_inner width=&#8221;1\/2&#8243; rt_wrp_col_paddings=&#8221;false&#8221; rt_border_top=&#8221;&#8221; rt_border_bottom=&#8221;&#8221; rt_border_left=&#8221;&#8221; rt_border_right=&#8221;&#8221; rt_border_top_mobile=&#8221;&#8221; rt_border_bottom_mobile=&#8221;&#8221; rt_border_left_mobile=&#8221;&#8221; rt_border_right_mobile=&#8221;&#8221; rt_bg_image_repeat=&#8221;repeat&#8221; rt_bg_size=&#8221;auto auto&#8221; rt_bg_position=&#8221;right top&#8221; rt_bg_attachment=&#8221;scroll&#8221;][vc_single_image image=&#8221;5064&#8243; img_size=&#8221;medium&#8221; onclick=&#8221;link_image&#8221;][\/vc_column_inner][vc_column_inner width=&#8221;1\/2&#8243; rt_wrp_col_paddings=&#8221;false&#8221; rt_border_top=&#8221;&#8221; rt_border_bottom=&#8221;&#8221; rt_border_left=&#8221;&#8221; rt_border_right=&#8221;&#8221; rt_border_top_mobile=&#8221;&#8221; rt_border_bottom_mobile=&#8221;&#8221; rt_border_left_mobile=&#8221;&#8221; rt_border_right_mobile=&#8221;&#8221; rt_bg_image_repeat=&#8221;repeat&#8221; rt_bg_size=&#8221;auto auto&#8221; rt_bg_position=&#8221;right top&#8221; rt_bg_attachment=&#8221;scroll&#8221;][vc_single_image image=&#8221;5068&#8243; img_size=&#8221;medium&#8221; onclick=&#8221;link_image&#8221;][\/vc_column_inner][\/vc_row_inner][\/vc_column][\/vc_row][vc_row rt_row_background_width=&#8221;default&#8221; rt_row_style=&#8221;default-style&#8221; rt_row_borders=&#8221;&#8221; rt_row_paddings=&#8221;true&#8221; rt_bg_effect=&#8221;classic&#8221; rt_bg_image_repeat=&#8221;repeat&#8221; rt_bg_size=&#8221;cover&#8221; rt_bg_position=&#8221;right top&#8221; rt_bg_attachment=&#8221;scroll&#8221; rt_bg_video_format=&#8221;self-hosted&#8221;][vc_column rt_wrp_col_paddings=&#8221;false&#8221; rt_border_top=&#8221;&#8221; rt_border_bottom=&#8221;&#8221; rt_border_left=&#8221;&#8221; rt_border_right=&#8221;&#8221; rt_border_top_mobile=&#8221;&#8221; rt_border_bottom_mobile=&#8221;&#8221; rt_border_left_mobile=&#8221;&#8221; rt_border_right_mobile=&#8221;&#8221; rt_bg_image_repeat=&#8221;repeat&#8221; rt_bg_size=&#8221;auto auto&#8221; rt_bg_position=&#8221;right top&#8221; rt_bg_attachment=&#8221;scroll&#8221;][vc_column_text]<\/p>\n<h2><strong>Certificato Ambientale<\/strong><\/h2>\n<p>Dopo un approfondito processo di valutazione, Sapir ha ricevuto il Certificato Ambientale &#8211; Certificato di contenuto di plastica riciclata. L&#8217;accreditamento \u00e8 stato concesso da AENOR, ente certificante accreditato da ENAC, in conformit\u00e0 allo standard UNE-EN 15343.<\/p>\n<p>Questa certificazione \u00e8 una testimonianza dell&#8217;impegno di Sapir verso l&#8217;economia circolare per le plastiche. La certificazione attesta che Sapir ha implementato un sistema che consente la produzione di pellicole estensibili con contenuto riciclato post-consumo (PCR\/PCW) fino al 75% e contenuto riciclato post-industriale (PIR) fino al 95%.<\/p>\n<p>\u00c8 importante notare che i prodotti di Sapir sono al 100% riciclabili, garantendo che il loro ciclo di vita sia completamente circolare.<\/p>\n<p>L&#8217;accreditamento di ENAC \u00e8 riconosciuto e accettato in oltre 100 paesi in tutto il mondo, fornendo una garanzia di compatibilit\u00e0 e armonizzazione per i servizi accreditati. Fornisce affidabilit\u00e0 e sostiene la fiducia dei clienti. Con questa certificazione, Sapir Plastics Industries \u00e8 ben posizionata per soddisfare la crescente domanda di prodotti sostenibili e contribuire a un futuro pi\u00f9 verde.<\/p>\n<p>Per ulteriori dettagli, non esitate a contattarci direttamente.[\/vc_column_text][\/vc_column][\/vc_row][vc_row_inner rt_row_style=&#8221;global-style&#8221; rt_row_borders=&#8221;&#8221; rt_row_paddings=&#8221;true&#8221; rt_bg_effect=&#8221;classic&#8221; rt_bg_image_repeat=&#8221;repeat&#8221; rt_bg_size=&#8221;cover&#8221; rt_bg_position=&#8221;right top&#8221; rt_bg_attachment=&#8221;scroll&#8221; rt_bg_video_format=&#8221;self-hosted&#8221;][vc_column_inner width=&#8221;1\/3&#8243; rt_wrp_col_paddings=&#8221;false&#8221; rt_border_top=&#8221;&#8221; rt_border_bottom=&#8221;&#8221; rt_border_left=&#8221;&#8221; rt_border_right=&#8221;&#8221; rt_border_top_mobile=&#8221;&#8221; rt_border_bottom_mobile=&#8221;&#8221; rt_border_left_mobile=&#8221;&#8221; rt_border_right_mobile=&#8221;&#8221; rt_bg_image_repeat=&#8221;repeat&#8221; rt_bg_size=&#8221;auto auto&#8221; rt_bg_position=&#8221;right top&#8221; rt_bg_attachment=&#8221;scroll&#8221;][vc_single_image image=&#8221;4780&#8243; img_size=&#8221;medium&#8221;][\/vc_column_inner][vc_column_inner width=&#8221;1\/3&#8243; rt_wrp_col_paddings=&#8221;false&#8221; rt_border_top=&#8221;&#8221; rt_border_bottom=&#8221;&#8221; rt_border_left=&#8221;&#8221; rt_border_right=&#8221;&#8221; rt_border_top_mobile=&#8221;&#8221; rt_border_bottom_mobile=&#8221;&#8221; rt_border_left_mobile=&#8221;&#8221; rt_border_right_mobile=&#8221;&#8221; rt_bg_image_repeat=&#8221;repeat&#8221; rt_bg_size=&#8221;auto auto&#8221; rt_bg_position=&#8221;right top&#8221; rt_bg_attachment=&#8221;scroll&#8221;][\/vc_column_inner][vc_column_inner width=&#8221;1\/3&#8243; rt_wrp_col_paddings=&#8221;false&#8221; rt_border_top=&#8221;&#8221; rt_border_bottom=&#8221;&#8221; rt_border_left=&#8221;&#8221; rt_border_right=&#8221;&#8221; rt_border_top_mobile=&#8221;&#8221; rt_border_bottom_mobile=&#8221;&#8221; rt_border_left_mobile=&#8221;&#8221; rt_border_right_mobile=&#8221;&#8221; rt_bg_image_repeat=&#8221;repeat&#8221; rt_bg_size=&#8221;auto auto&#8221; rt_bg_position=&#8221;right top&#8221; rt_bg_attachment=&#8221;scroll&#8221;][\/vc_column_inner][\/vc_row_inner]<\/p>\n","protected":false},"excerpt":{"rendered":"<p>[vc_row rt_row_background_width=&#8221;default&#8221; rt_row_style=&#8221;default-style&#8221; rt_row_borders=&#8221;&#8221; rt_row_paddings=&#8221;true&#8221; rt_bg_effect=&#8221;classic&#8221; rt_bg_image_repeat=&#8221;repeat&#8221; rt_bg_size=&#8221;cover&#8221; rt_bg_position=&#8221;right top&#8221; rt_bg_attachment=&#8221;scroll&#8221; rt_bg_video_format=&#8221;self-hosted&#8221;][vc_column rt_wrp_col_paddings=&#8221;false&#8221; rt_border_top=&#8221;&#8221; rt_border_bottom=&#8221;&#8221; rt_border_left=&#8221;&#8221; rt_border_right=&#8221;&#8221; rt_border_top_mobile=&#8221;&#8221; rt_border_bottom_mobile=&#8221;&#8221; rt_border_left_mobile=&#8221;&#8221; rt_border_right_mobile=&#8221;&#8221; rt_bg_image_repeat=&#8221;repeat&#8221; rt_bg_size=&#8221;auto auto&#8221; rt_bg_position=&#8221;right top&#8221; rt_bg_attachment=&#8221;scroll&#8221;][vc_column_text] Standard di qualit\u00e0 In quanto azienda internazionale e leader nel suo settore, Sapir Plastic Industries si impegna a rispettare gli standard di qualit\u00e0 e igiene pi\u00f9 elevati a [&hellip;]<\/p>\n","protected":false},"author":1,"featured_media":0,"parent":3788,"menu_order":17,"comment_status":"closed","ping_status":"closed","template":"","meta":{"footnotes":""},"class_list":["post-3804","page","type-page","status-publish","hentry"],"yoast_head":"<!-- This site is optimized with the Yoast SEO plugin v27.3 - https:\/\/yoast.com\/product\/yoast-seo-wordpress\/ -->\n<title>Qualit\u00e0 | Sapir Plastics<\/title>\n<meta name=\"robots\" content=\"index, follow, max-snippet:-1, max-image-preview:large, max-video-preview:-1\" \/>\n<link rel=\"canonical\" href=\"https:\/\/sapirplastics.com\/about-us\/quality\/\" \/>\n<meta property=\"og:locale\" content=\"it_IT\" \/>\n<meta property=\"og:type\" content=\"article\" \/>\n<meta property=\"og:title\" content=\"Qualit\u00e0 | Sapir Plastics\" \/>\n<meta property=\"og:description\" content=\"[vc_row rt_row_background_width=&#8221;default&#8221; rt_row_style=&#8221;default-style&#8221; rt_row_borders=&#8221;&#8221; rt_row_paddings=&#8221;true&#8221; rt_bg_effect=&#8221;classic&#8221; rt_bg_image_repeat=&#8221;repeat&#8221; rt_bg_size=&#8221;cover&#8221; rt_bg_position=&#8221;right top&#8221; rt_bg_attachment=&#8221;scroll&#8221; rt_bg_video_format=&#8221;self-hosted&#8221;][vc_column rt_wrp_col_paddings=&#8221;false&#8221; rt_border_top=&#8221;&#8221; rt_border_bottom=&#8221;&#8221; rt_border_left=&#8221;&#8221; rt_border_right=&#8221;&#8221; rt_border_top_mobile=&#8221;&#8221; rt_border_bottom_mobile=&#8221;&#8221; rt_border_left_mobile=&#8221;&#8221; rt_border_right_mobile=&#8221;&#8221; rt_bg_image_repeat=&#8221;repeat&#8221; rt_bg_size=&#8221;auto auto&#8221; rt_bg_position=&#8221;right top&#8221; rt_bg_attachment=&#8221;scroll&#8221;][vc_column_text] Standard di qualit\u00e0 In quanto azienda internazionale e leader nel suo settore, Sapir Plastic Industries si impegna a rispettare gli standard di qualit\u00e0 e igiene pi\u00f9 elevati a [&hellip;]\" \/>\n<meta property=\"og:url\" content=\"https:\/\/sapirplastics.com\/about-us\/quality\/\" \/>\n<meta property=\"og:site_name\" content=\"Sapir Plastics\" \/>\n<meta property=\"article:modified_time\" content=\"2024-08-12T07:02:39+00:00\" \/>\n<meta name=\"twitter:card\" content=\"summary_large_image\" \/>\n<meta name=\"twitter:label1\" content=\"Tempo di lettura stimato\" \/>\n\t<meta name=\"twitter:data1\" content=\"5 minuti\" \/>\n<script type=\"application\/ld+json\" class=\"yoast-schema-graph\">{\"@context\":\"https:\\\/\\\/schema.org\",\"@graph\":[{\"@type\":\"WebPage\",\"@id\":\"https:\\\/\\\/sapirplastics.com\\\/about-us\\\/quality\\\/\",\"url\":\"https:\\\/\\\/sapirplastics.com\\\/about-us\\\/quality\\\/\",\"name\":\"Qualit\u00e0 | Sapir Plastics\",\"isPartOf\":{\"@id\":\"https:\\\/\\\/sapirplastics.com\\\/#website\"},\"datePublished\":\"2018-08-19T11:54:48+00:00\",\"dateModified\":\"2024-08-12T07:02:39+00:00\",\"breadcrumb\":{\"@id\":\"https:\\\/\\\/sapirplastics.com\\\/about-us\\\/quality\\\/#breadcrumb\"},\"inLanguage\":\"it-IT\",\"potentialAction\":[{\"@type\":\"ReadAction\",\"target\":[\"https:\\\/\\\/sapirplastics.com\\\/about-us\\\/quality\\\/\"]}]},{\"@type\":\"BreadcrumbList\",\"@id\":\"https:\\\/\\\/sapirplastics.com\\\/about-us\\\/quality\\\/#breadcrumb\",\"itemListElement\":[{\"@type\":\"ListItem\",\"position\":1,\"name\":\"Home\",\"item\":\"https:\\\/\\\/sapirplastics.com\\\/it\\\/\"},{\"@type\":\"ListItem\",\"position\":2,\"name\":\"Azienda\",\"item\":\"https:\\\/\\\/sapirplastics.com\\\/it\\\/azienda\\\/\"},{\"@type\":\"ListItem\",\"position\":3,\"name\":\"Qualit\u00e0\"}]},{\"@type\":\"WebSite\",\"@id\":\"https:\\\/\\\/sapirplastics.com\\\/#website\",\"url\":\"https:\\\/\\\/sapirplastics.com\\\/\",\"name\":\"Sapir Plastics\",\"description\":\"\",\"potentialAction\":[{\"@type\":\"SearchAction\",\"target\":{\"@type\":\"EntryPoint\",\"urlTemplate\":\"https:\\\/\\\/sapirplastics.com\\\/?s={search_term_string}\"},\"query-input\":{\"@type\":\"PropertyValueSpecification\",\"valueRequired\":true,\"valueName\":\"search_term_string\"}}],\"inLanguage\":\"it-IT\"}]}<\/script>\n<!-- \/ Yoast SEO plugin. -->","yoast_head_json":{"title":"Qualit\u00e0 | Sapir Plastics","robots":{"index":"index","follow":"follow","max-snippet":"max-snippet:-1","max-image-preview":"max-image-preview:large","max-video-preview":"max-video-preview:-1"},"canonical":"https:\/\/sapirplastics.com\/about-us\/quality\/","og_locale":"it_IT","og_type":"article","og_title":"Qualit\u00e0 | Sapir Plastics","og_description":"[vc_row rt_row_background_width=&#8221;default&#8221; rt_row_style=&#8221;default-style&#8221; rt_row_borders=&#8221;&#8221; rt_row_paddings=&#8221;true&#8221; rt_bg_effect=&#8221;classic&#8221; rt_bg_image_repeat=&#8221;repeat&#8221; rt_bg_size=&#8221;cover&#8221; rt_bg_position=&#8221;right top&#8221; rt_bg_attachment=&#8221;scroll&#8221; rt_bg_video_format=&#8221;self-hosted&#8221;][vc_column rt_wrp_col_paddings=&#8221;false&#8221; rt_border_top=&#8221;&#8221; rt_border_bottom=&#8221;&#8221; rt_border_left=&#8221;&#8221; rt_border_right=&#8221;&#8221; rt_border_top_mobile=&#8221;&#8221; rt_border_bottom_mobile=&#8221;&#8221; rt_border_left_mobile=&#8221;&#8221; rt_border_right_mobile=&#8221;&#8221; rt_bg_image_repeat=&#8221;repeat&#8221; rt_bg_size=&#8221;auto auto&#8221; rt_bg_position=&#8221;right top&#8221; rt_bg_attachment=&#8221;scroll&#8221;][vc_column_text] Standard di qualit\u00e0 In quanto azienda internazionale e leader nel suo settore, Sapir Plastic Industries si impegna a rispettare gli standard di qualit\u00e0 e igiene pi\u00f9 elevati a [&hellip;]","og_url":"https:\/\/sapirplastics.com\/about-us\/quality\/","og_site_name":"Sapir Plastics","article_modified_time":"2024-08-12T07:02:39+00:00","twitter_card":"summary_large_image","twitter_misc":{"Tempo di lettura stimato":"5 minuti"},"schema":{"@context":"https:\/\/schema.org","@graph":[{"@type":"WebPage","@id":"https:\/\/sapirplastics.com\/about-us\/quality\/","url":"https:\/\/sapirplastics.com\/about-us\/quality\/","name":"Qualit\u00e0 | Sapir Plastics","isPartOf":{"@id":"https:\/\/sapirplastics.com\/#website"},"datePublished":"2018-08-19T11:54:48+00:00","dateModified":"2024-08-12T07:02:39+00:00","breadcrumb":{"@id":"https:\/\/sapirplastics.com\/about-us\/quality\/#breadcrumb"},"inLanguage":"it-IT","potentialAction":[{"@type":"ReadAction","target":["https:\/\/sapirplastics.com\/about-us\/quality\/"]}]},{"@type":"BreadcrumbList","@id":"https:\/\/sapirplastics.com\/about-us\/quality\/#breadcrumb","itemListElement":[{"@type":"ListItem","position":1,"name":"Home","item":"https:\/\/sapirplastics.com\/it\/"},{"@type":"ListItem","position":2,"name":"Azienda","item":"https:\/\/sapirplastics.com\/it\/azienda\/"},{"@type":"ListItem","position":3,"name":"Qualit\u00e0"}]},{"@type":"WebSite","@id":"https:\/\/sapirplastics.com\/#website","url":"https:\/\/sapirplastics.com\/","name":"Sapir Plastics","description":"","potentialAction":[{"@type":"SearchAction","target":{"@type":"EntryPoint","urlTemplate":"https:\/\/sapirplastics.com\/?s={search_term_string}"},"query-input":{"@type":"PropertyValueSpecification","valueRequired":true,"valueName":"search_term_string"}}],"inLanguage":"it-IT"}]}},"_links":{"self":[{"href":"https:\/\/sapirplastics.com\/it\/wp-json\/wp\/v2\/pages\/3804","targetHints":{"allow":["GET"]}}],"collection":[{"href":"https:\/\/sapirplastics.com\/it\/wp-json\/wp\/v2\/pages"}],"about":[{"href":"https:\/\/sapirplastics.com\/it\/wp-json\/wp\/v2\/types\/page"}],"author":[{"embeddable":true,"href":"https:\/\/sapirplastics.com\/it\/wp-json\/wp\/v2\/users\/1"}],"replies":[{"embeddable":true,"href":"https:\/\/sapirplastics.com\/it\/wp-json\/wp\/v2\/comments?post=3804"}],"version-history":[{"count":17,"href":"https:\/\/sapirplastics.com\/it\/wp-json\/wp\/v2\/pages\/3804\/revisions"}],"predecessor-version":[{"id":5077,"href":"https:\/\/sapirplastics.com\/it\/wp-json\/wp\/v2\/pages\/3804\/revisions\/5077"}],"up":[{"embeddable":true,"href":"https:\/\/sapirplastics.com\/it\/wp-json\/wp\/v2\/pages\/3788"}],"wp:attachment":[{"href":"https:\/\/sapirplastics.com\/it\/wp-json\/wp\/v2\/media?parent=3804"}],"curies":[{"name":"wp","href":"https:\/\/api.w.org\/{rel}","templated":true}]}}