{"id":3801,"date":"2018-09-28T12:00:19","date_gmt":"2018-09-28T12:00:19","guid":{"rendered":"http:\/\/sapir.dooble.info\/azienda\/environment\/"},"modified":"2023-07-26T10:30:07","modified_gmt":"2023-07-26T10:30:07","slug":"ambiente","status":"publish","type":"page","link":"https:\/\/sapirplastics.com\/it\/azienda\/ambiente\/","title":{"rendered":"Ambiente"},"content":{"rendered":"<p>[vc_row rt_row_background_width=&#8221;default&#8221; rt_row_style=&#8221;default-style&#8221; rt_row_borders=&#8221;&#8221; rt_row_paddings=&#8221;true&#8221; rt_bg_effect=&#8221;classic&#8221; rt_bg_image_repeat=&#8221;repeat&#8221; rt_bg_size=&#8221;cover&#8221; rt_bg_position=&#8221;right top&#8221; rt_bg_attachment=&#8221;scroll&#8221; rt_bg_video_format=&#8221;self-hosted&#8221;][vc_column rt_wrp_col_paddings=&#8221;false&#8221; rt_border_top=&#8221;&#8221; rt_border_bottom=&#8221;&#8221; rt_border_left=&#8221;&#8221; rt_border_right=&#8221;&#8221; rt_border_top_mobile=&#8221;&#8221; rt_border_bottom_mobile=&#8221;&#8221; rt_border_left_mobile=&#8221;&#8221; rt_border_right_mobile=&#8221;&#8221; rt_bg_image_repeat=&#8221;repeat&#8221; rt_bg_size=&#8221;auto auto&#8221; rt_bg_position=&#8221;right top&#8221; rt_bg_attachment=&#8221;scroll&#8221;][vc_column_text]<\/p>\n<h2>L<strong>&#8216;ambiente<\/strong><\/h2>\n<p>Sapir Plastics Industries \u00e8 concentrata non solo sulla qualit\u00e0 dei prodotti, ma anche sulla salute dei suoi dipendenti e sull&#8217;ambiente. Crediamo che l&#8217;industria debba far parte dell&#8217;ambiente e mantenere elevati standard di sostenibilit\u00e0 e misure igieniche. Le nostre soluzioni di imballaggio e i nostri film sono realizzati <strong>c<\/strong>on materiali ecologici e sono al 100% riciclabili.<\/p>\n<h2><strong>Film estensibile riciclato post-consumo (PCR)<\/strong><\/h2>\n<p>Sapir Plastics Industries \u00e8 un produttore impegnato nei principi del &#8220;Green deal&#8221;. I film estensibili Sapir sono prodotti ecologici e riciclabili, realizzati con fino al 75% di contenuto riciclato. L&#8217;azienda sta riducendo attivamente l&#8217;uso di materiali vergini ed \u00e8 diventata un importante partecipante e sviluppatore nel mercato dei materiali secondari.<\/p>\n<h2><strong>Energia Solare<\/strong><\/h2>\n<p>Sapir Plastics Industries utilizza il 15% di energia solare per alimentare le sue operazioni, riducendo la dipendenza da fonti di energia non rinnovabile e diminuendo l&#8217;impronta di carbonio. Questo passaggio verso l&#8217;energia rinnovabile \u00e8 in linea con l&#8217;impegno di Sapir Plastics verso pratiche aziendali responsabili e rispettose dell&#8217;ambiente. Utilizzando l&#8217;energia solare, l&#8217;azienda sta contribuendo a un futuro pi\u00f9 pulito e sostenibile.<\/p>\n<h2><strong>Diamo l&#8217;esempio<\/strong><\/h2>\n<p>Sapir Plastics Industries \u00e8 un&#8217;azienda impegnata nella sostenibilit\u00e0, nell&#8217;innovazione e nella qualit\u00e0. Producendo film estensibili con un alto contenuto di materiale riciclato, utilizzando energia rinnovabile e sviluppando soluzioni all&#8217;avanguardia, rispondendo alle esigenze del tempo, Sapir Plastics Industries si \u00e8 affermata come leader nel settore degli imballaggi riutilizzabili. L&#8217;azienda \u00e8 pronta a continuare la sua crescita e il suo successo internazionale negli anni a venire.<\/p>\n<p>Come recita lo slogan dell&#8217;azienda: &#8220;La qualit\u00e0 non costa di pi\u00f9&#8221; &#8211; con Sapir Plastics Industries, i clienti possono essere certi di fare una scelta responsabile senza svuotare il portafoglio.[\/vc_column_text][vc_single_image image=&#8221;4717&#8243; img_size=&#8221;full&#8221;][\/vc_column][\/vc_row]<\/p>\n","protected":false},"excerpt":{"rendered":"<p>[vc_row rt_row_background_width=&#8221;default&#8221; rt_row_style=&#8221;default-style&#8221; rt_row_borders=&#8221;&#8221; rt_row_paddings=&#8221;true&#8221; rt_bg_effect=&#8221;classic&#8221; rt_bg_image_repeat=&#8221;repeat&#8221; rt_bg_size=&#8221;cover&#8221; rt_bg_position=&#8221;right top&#8221; rt_bg_attachment=&#8221;scroll&#8221; rt_bg_video_format=&#8221;self-hosted&#8221;][vc_column rt_wrp_col_paddings=&#8221;false&#8221; rt_border_top=&#8221;&#8221; rt_border_bottom=&#8221;&#8221; rt_border_left=&#8221;&#8221; rt_border_right=&#8221;&#8221; rt_border_top_mobile=&#8221;&#8221; rt_border_bottom_mobile=&#8221;&#8221; rt_border_left_mobile=&#8221;&#8221; rt_border_right_mobile=&#8221;&#8221; rt_bg_image_repeat=&#8221;repeat&#8221; rt_bg_size=&#8221;auto auto&#8221; rt_bg_position=&#8221;right top&#8221; rt_bg_attachment=&#8221;scroll&#8221;][vc_column_text] L&#8216;ambiente Sapir Plastics Industries \u00e8 concentrata non solo sulla qualit\u00e0 dei prodotti, ma anche sulla salute dei suoi dipendenti e sull&#8217;ambiente. Crediamo che l&#8217;industria debba far parte dell&#8217;ambiente [&hellip;]<\/p>\n","protected":false},"author":1,"featured_media":0,"parent":3788,"menu_order":18,"comment_status":"closed","ping_status":"closed","template":"","meta":{"footnotes":""},"class_list":["post-3801","page","type-page","status-publish","hentry"],"yoast_head":"<!-- This site is optimized with the Yoast SEO plugin v27.3 - https:\/\/yoast.com\/product\/yoast-seo-wordpress\/ -->\n<title>Ambiente | Sapir Plastics<\/title>\n<meta name=\"robots\" content=\"index, follow, max-snippet:-1, max-image-preview:large, max-video-preview:-1\" \/>\n<link rel=\"canonical\" href=\"https:\/\/sapirplastics.com\/about-us\/environment\/\" \/>\n<meta property=\"og:locale\" content=\"it_IT\" \/>\n<meta property=\"og:type\" content=\"article\" \/>\n<meta property=\"og:title\" content=\"Ambiente | Sapir Plastics\" \/>\n<meta property=\"og:description\" content=\"[vc_row rt_row_background_width=&#8221;default&#8221; rt_row_style=&#8221;default-style&#8221; rt_row_borders=&#8221;&#8221; rt_row_paddings=&#8221;true&#8221; rt_bg_effect=&#8221;classic&#8221; rt_bg_image_repeat=&#8221;repeat&#8221; rt_bg_size=&#8221;cover&#8221; rt_bg_position=&#8221;right top&#8221; rt_bg_attachment=&#8221;scroll&#8221; rt_bg_video_format=&#8221;self-hosted&#8221;][vc_column rt_wrp_col_paddings=&#8221;false&#8221; rt_border_top=&#8221;&#8221; rt_border_bottom=&#8221;&#8221; rt_border_left=&#8221;&#8221; rt_border_right=&#8221;&#8221; rt_border_top_mobile=&#8221;&#8221; rt_border_bottom_mobile=&#8221;&#8221; rt_border_left_mobile=&#8221;&#8221; rt_border_right_mobile=&#8221;&#8221; rt_bg_image_repeat=&#8221;repeat&#8221; rt_bg_size=&#8221;auto auto&#8221; rt_bg_position=&#8221;right top&#8221; rt_bg_attachment=&#8221;scroll&#8221;][vc_column_text] L&#8216;ambiente Sapir Plastics Industries \u00e8 concentrata non solo sulla qualit\u00e0 dei prodotti, ma anche sulla salute dei suoi dipendenti e sull&#8217;ambiente. Crediamo che l&#8217;industria debba far parte dell&#8217;ambiente [&hellip;]\" \/>\n<meta property=\"og:url\" content=\"https:\/\/sapirplastics.com\/about-us\/environment\/\" \/>\n<meta property=\"og:site_name\" content=\"Sapir Plastics\" \/>\n<meta property=\"article:modified_time\" content=\"2023-07-26T10:30:07+00:00\" \/>\n<meta name=\"twitter:card\" content=\"summary_large_image\" \/>\n<meta name=\"twitter:label1\" content=\"Tempo di lettura stimato\" \/>\n\t<meta name=\"twitter:data1\" content=\"2 minuti\" \/>\n<script type=\"application\/ld+json\" class=\"yoast-schema-graph\">{\"@context\":\"https:\\\/\\\/schema.org\",\"@graph\":[{\"@type\":\"WebPage\",\"@id\":\"https:\\\/\\\/sapirplastics.com\\\/about-us\\\/environment\\\/\",\"url\":\"https:\\\/\\\/sapirplastics.com\\\/about-us\\\/environment\\\/\",\"name\":\"Ambiente | Sapir Plastics\",\"isPartOf\":{\"@id\":\"https:\\\/\\\/sapirplastics.com\\\/#website\"},\"datePublished\":\"2018-09-28T12:00:19+00:00\",\"dateModified\":\"2023-07-26T10:30:07+00:00\",\"breadcrumb\":{\"@id\":\"https:\\\/\\\/sapirplastics.com\\\/about-us\\\/environment\\\/#breadcrumb\"},\"inLanguage\":\"it-IT\",\"potentialAction\":[{\"@type\":\"ReadAction\",\"target\":[\"https:\\\/\\\/sapirplastics.com\\\/about-us\\\/environment\\\/\"]}]},{\"@type\":\"BreadcrumbList\",\"@id\":\"https:\\\/\\\/sapirplastics.com\\\/about-us\\\/environment\\\/#breadcrumb\",\"itemListElement\":[{\"@type\":\"ListItem\",\"position\":1,\"name\":\"Home\",\"item\":\"https:\\\/\\\/sapirplastics.com\\\/it\\\/\"},{\"@type\":\"ListItem\",\"position\":2,\"name\":\"Azienda\",\"item\":\"https:\\\/\\\/sapirplastics.com\\\/it\\\/azienda\\\/\"},{\"@type\":\"ListItem\",\"position\":3,\"name\":\"Ambiente\"}]},{\"@type\":\"WebSite\",\"@id\":\"https:\\\/\\\/sapirplastics.com\\\/#website\",\"url\":\"https:\\\/\\\/sapirplastics.com\\\/\",\"name\":\"Sapir Plastics\",\"description\":\"\",\"potentialAction\":[{\"@type\":\"SearchAction\",\"target\":{\"@type\":\"EntryPoint\",\"urlTemplate\":\"https:\\\/\\\/sapirplastics.com\\\/?s={search_term_string}\"},\"query-input\":{\"@type\":\"PropertyValueSpecification\",\"valueRequired\":true,\"valueName\":\"search_term_string\"}}],\"inLanguage\":\"it-IT\"}]}<\/script>\n<!-- \/ Yoast SEO plugin. -->","yoast_head_json":{"title":"Ambiente | Sapir Plastics","robots":{"index":"index","follow":"follow","max-snippet":"max-snippet:-1","max-image-preview":"max-image-preview:large","max-video-preview":"max-video-preview:-1"},"canonical":"https:\/\/sapirplastics.com\/about-us\/environment\/","og_locale":"it_IT","og_type":"article","og_title":"Ambiente | Sapir Plastics","og_description":"[vc_row rt_row_background_width=&#8221;default&#8221; rt_row_style=&#8221;default-style&#8221; rt_row_borders=&#8221;&#8221; rt_row_paddings=&#8221;true&#8221; rt_bg_effect=&#8221;classic&#8221; rt_bg_image_repeat=&#8221;repeat&#8221; rt_bg_size=&#8221;cover&#8221; rt_bg_position=&#8221;right top&#8221; rt_bg_attachment=&#8221;scroll&#8221; rt_bg_video_format=&#8221;self-hosted&#8221;][vc_column rt_wrp_col_paddings=&#8221;false&#8221; rt_border_top=&#8221;&#8221; rt_border_bottom=&#8221;&#8221; rt_border_left=&#8221;&#8221; rt_border_right=&#8221;&#8221; rt_border_top_mobile=&#8221;&#8221; rt_border_bottom_mobile=&#8221;&#8221; rt_border_left_mobile=&#8221;&#8221; rt_border_right_mobile=&#8221;&#8221; rt_bg_image_repeat=&#8221;repeat&#8221; rt_bg_size=&#8221;auto auto&#8221; rt_bg_position=&#8221;right top&#8221; rt_bg_attachment=&#8221;scroll&#8221;][vc_column_text] L&#8216;ambiente Sapir Plastics Industries \u00e8 concentrata non solo sulla qualit\u00e0 dei prodotti, ma anche sulla salute dei suoi dipendenti e sull&#8217;ambiente. Crediamo che l&#8217;industria debba far parte dell&#8217;ambiente [&hellip;]","og_url":"https:\/\/sapirplastics.com\/about-us\/environment\/","og_site_name":"Sapir Plastics","article_modified_time":"2023-07-26T10:30:07+00:00","twitter_card":"summary_large_image","twitter_misc":{"Tempo di lettura stimato":"2 minuti"},"schema":{"@context":"https:\/\/schema.org","@graph":[{"@type":"WebPage","@id":"https:\/\/sapirplastics.com\/about-us\/environment\/","url":"https:\/\/sapirplastics.com\/about-us\/environment\/","name":"Ambiente | Sapir Plastics","isPartOf":{"@id":"https:\/\/sapirplastics.com\/#website"},"datePublished":"2018-09-28T12:00:19+00:00","dateModified":"2023-07-26T10:30:07+00:00","breadcrumb":{"@id":"https:\/\/sapirplastics.com\/about-us\/environment\/#breadcrumb"},"inLanguage":"it-IT","potentialAction":[{"@type":"ReadAction","target":["https:\/\/sapirplastics.com\/about-us\/environment\/"]}]},{"@type":"BreadcrumbList","@id":"https:\/\/sapirplastics.com\/about-us\/environment\/#breadcrumb","itemListElement":[{"@type":"ListItem","position":1,"name":"Home","item":"https:\/\/sapirplastics.com\/it\/"},{"@type":"ListItem","position":2,"name":"Azienda","item":"https:\/\/sapirplastics.com\/it\/azienda\/"},{"@type":"ListItem","position":3,"name":"Ambiente"}]},{"@type":"WebSite","@id":"https:\/\/sapirplastics.com\/#website","url":"https:\/\/sapirplastics.com\/","name":"Sapir Plastics","description":"","potentialAction":[{"@type":"SearchAction","target":{"@type":"EntryPoint","urlTemplate":"https:\/\/sapirplastics.com\/?s={search_term_string}"},"query-input":{"@type":"PropertyValueSpecification","valueRequired":true,"valueName":"search_term_string"}}],"inLanguage":"it-IT"}]}},"_links":{"self":[{"href":"https:\/\/sapirplastics.com\/it\/wp-json\/wp\/v2\/pages\/3801","targetHints":{"allow":["GET"]}}],"collection":[{"href":"https:\/\/sapirplastics.com\/it\/wp-json\/wp\/v2\/pages"}],"about":[{"href":"https:\/\/sapirplastics.com\/it\/wp-json\/wp\/v2\/types\/page"}],"author":[{"embeddable":true,"href":"https:\/\/sapirplastics.com\/it\/wp-json\/wp\/v2\/users\/1"}],"replies":[{"embeddable":true,"href":"https:\/\/sapirplastics.com\/it\/wp-json\/wp\/v2\/comments?post=3801"}],"version-history":[{"count":5,"href":"https:\/\/sapirplastics.com\/it\/wp-json\/wp\/v2\/pages\/3801\/revisions"}],"predecessor-version":[{"id":4830,"href":"https:\/\/sapirplastics.com\/it\/wp-json\/wp\/v2\/pages\/3801\/revisions\/4830"}],"up":[{"embeddable":true,"href":"https:\/\/sapirplastics.com\/it\/wp-json\/wp\/v2\/pages\/3788"}],"wp:attachment":[{"href":"https:\/\/sapirplastics.com\/it\/wp-json\/wp\/v2\/media?parent=3801"}],"curies":[{"name":"wp","href":"https:\/\/api.w.org\/{rel}","templated":true}]}}