{"id":3808,"date":"2015-02-22T01:15:04","date_gmt":"2015-02-22T01:15:04","guid":{"rendered":"http:\/\/sapir.dooble.info\/careers\/"},"modified":"2018-11-29T11:37:45","modified_gmt":"2018-11-29T11:37:45","slug":"empleos","status":"publish","type":"page","link":"https:\/\/sapirplastics.com\/es\/empleos\/","title":{"rendered":"Empleos"},"content":{"rendered":"<p>[vc_row rt_row_background_width=\u00bbdefault\u00bb rt_row_style=\u00bbdefault-style\u00bb rt_row_borders=\u00bb\u00bb rt_overlap=\u00bbtrue\u00bb rt_row_paddings=\u00bbtrue\u00bb rt_bg_effect=\u00bbclassic\u00bb rt_bg_image_repeat=\u00bbrepeat\u00bb rt_bg_size=\u00bbcover\u00bb rt_bg_position=\u00bbright top\u00bb rt_bg_attachment=\u00bbscroll\u00bb rt_bg_video_format=\u00bbself-hosted\u00bb][vc_column rt_wrp_col_paddings=\u00bbfalse\u00bb rt_border_top=\u00bb\u00bb rt_border_bottom=\u00bb\u00bb rt_border_left=\u00bb\u00bb rt_border_right=\u00bb\u00bb rt_border_top_mobile=\u00bb\u00bb rt_border_bottom_mobile=\u00bb\u00bb rt_border_left_mobile=\u00bb\u00bb rt_border_right_mobile=\u00bb\u00bb rt_bg_image_repeat=\u00bbrepeat\u00bb rt_bg_size=\u00bbauto auto\u00bb rt_bg_position=\u00bbright top\u00bb rt_bg_attachment=\u00bbscroll\u00bb][vc_column_text]Sapir se enorgullece en ofrecer a personas con una alta \u0117tica profesional la posibilidad de trabajar en un medio altemente estimulante y creador.<\/p>\n<p>Siempre estamos a la b\u00fasqueda de personas dispuestas a compartir nuestros m\u00e1s sagrados valores. Personas que est\u0117n motivadas a crecer profesionalmente y a trabajar duramente para cumplir nuestros objetivos.[\/vc_column_text][vc_accordion style=\u00bbonly_captions\u00bb first_one_open=\u00bb\u00bb disable_keyboard=\u00bb\u00bb][vc_accordion_tab title=\u00bbContent 1&#8243; icon_name=\u00bbicon-new-eye-1&#8243;][vc_column_text]Nam vestibulum; felis a auctor gravida; diam ex ultricies massa, sit amet feugiat purus orci sed diam. Interdum et malesuada fames ac ante ipsum primis in faucibus. Nunc ut magna id magna vestibulum accumsan. Pellentesque interdum ipsum neque; id fermentum odio accumsan at. Nunc id nunc metus! Aenean euismod tortor a odio dictum, vel ultricies odio fringilla. Sed ac quam at metus varius imperdiet efficitur nec dolor. Etiam lobortis maximus dui vel tincidunt. Suspendisse potenti. Mauris tempus commodo urna ut mattis. Sed faucibus at felis id fringilla. Ut vel tortor blandit; egestas diam vel, pulvinar quam! Sed feugiat ornare condimentum? Cras posuere purus id vulputate sodales. Curabitur scelerisque a justo at feugiat.<\/p>\n<p>Maecenas ultricies vehicula odio, quis commodo ex pellentesque id? Pellentesque erat erat, pharetra quis mattis porttitor, finibus ut eros. Donec tristique nisl quis augue accumsan interdum. Nulla mauris justo, condimentum at tincidunt a, gravida ornare eros. Cras sapien enim, tincidunt vel purus quis, aliquet volutpat sem. Pellentesque mattis elit ante, eget congue augue viverra vitae. Curabitur interdum aliquet lectus non accumsan. Duis vitae volutpat massa. Maecenas consectetur varius sem, ut eleifend dui commodo quis. Duis mattis vitae felis non porttitor.<\/p>\n<p>Etiam molestie eros orci, et interdum enim tempor id. Suspendisse ullamcorper malesuada suscipit? Praesent non turpis vitae risus luctus luctus. Sed eleifend ultrices pulvinar. Cras lacus lorem, ultrices ac nisi in, consequat ullamcorper lectus! Phasellus in ante in orci ultrices blandit sed vitae ipsum. Morbi odio mauris, malesuada ac pharetra id, hendrerit a nisi? Aenean felis ligula, dapibus non urna vitae, ullamcorper pretium tellus. Proin non lacus vel metus facilisis egestas. Ut fringilla ligula purus, ut tincidunt nisl molestie non? Etiam vel dolor eu felis pellentesque scelerisque eget at turpis.[\/vc_column_text][\/vc_accordion_tab][vc_accordion_tab title=\u00bbContent 2&#8243; icon_name=\u00bbicon-new-link-1&#8243;][vc_column_text]Nam vestibulum; felis a auctor gravida; diam ex ultricies massa, sit amet feugiat purus orci sed diam. Interdum et malesuada fames ac ante ipsum primis in faucibus. Nunc ut magna id magna vestibulum accumsan. Pellentesque interdum ipsum neque; id fermentum odio accumsan at. Nunc id nunc metus! Aenean euismod tortor a odio dictum, vel ultricies odio fringilla. Sed ac quam at metus varius imperdiet efficitur nec dolor. Etiam lobortis maximus dui vel tincidunt. Suspendisse potenti. Mauris tempus commodo urna ut mattis. Sed faucibus at felis id fringilla. Ut vel tortor blandit; egestas diam vel, pulvinar quam! Sed feugiat ornare condimentum? Cras posuere purus id vulputate sodales. Curabitur scelerisque a justo at feugiat.<\/p>\n<p>Maecenas ultricies vehicula odio, quis commodo ex pellentesque id? Pellentesque erat erat, pharetra quis mattis porttitor, finibus ut eros. Donec tristique nisl quis augue accumsan interdum. Nulla mauris justo, condimentum at tincidunt a, gravida ornare eros. Cras sapien enim, tincidunt vel purus quis, aliquet volutpat sem. Pellentesque mattis elit ante, eget congue augue viverra vitae. Curabitur interdum aliquet lectus non accumsan. Duis vitae volutpat massa. Maecenas consectetur varius sem, ut eleifend dui commodo quis. Duis mattis vitae felis non porttitor.<\/p>\n<p>Etiam molestie eros orci, et interdum enim tempor id. Suspendisse ullamcorper malesuada suscipit? Praesent non turpis vitae risus luctus luctus. Sed eleifend ultrices pulvinar. Cras lacus lorem, ultrices ac nisi in, consequat ullamcorper lectus! Phasellus in ante in orci ultrices blandit sed vitae ipsum. Morbi odio mauris, malesuada ac pharetra id, hendrerit a nisi? Aenean felis ligula, dapibus non urna vitae, ullamcorper pretium tellus. Proin non lacus vel metus facilisis egestas. Ut fringilla ligula purus, ut tincidunt nisl molestie non? Etiam vel dolor eu felis pellentesque scelerisque eget at turpis.[\/vc_column_text][\/vc_accordion_tab][vc_accordion_tab title=\u00bbContent 3&#8243; icon_name=\u00bbicon-new-photo-1&#8243;][vc_column_text]Nam vestibulum; felis a auctor gravida; diam ex ultricies massa, sit amet feugiat purus orci sed diam. Interdum et malesuada fames ac ante ipsum primis in faucibus. Nunc ut magna id magna vestibulum accumsan. Pellentesque interdum ipsum neque; id fermentum odio accumsan at. Nunc id nunc metus! Aenean euismod tortor a odio dictum, vel ultricies odio fringilla. Sed ac quam at metus varius imperdiet efficitur nec dolor. Etiam lobortis maximus dui vel tincidunt. Suspendisse potenti. Mauris tempus commodo urna ut mattis. Sed faucibus at felis id fringilla. Ut vel tortor blandit; egestas diam vel, pulvinar quam! Sed feugiat ornare condimentum? Cras posuere purus id vulputate sodales. Curabitur scelerisque a justo at feugiat.<\/p>\n<p>Maecenas ultricies vehicula odio, quis commodo ex pellentesque id? Pellentesque erat erat, pharetra quis mattis porttitor, finibus ut eros. Donec tristique nisl quis augue accumsan interdum. Nulla mauris justo, condimentum at tincidunt a, gravida ornare eros. Cras sapien enim, tincidunt vel purus quis, aliquet volutpat sem. Pellentesque mattis elit ante, eget congue augue viverra vitae. Curabitur interdum aliquet lectus non accumsan. Duis vitae volutpat massa. Maecenas consectetur varius sem, ut eleifend dui commodo quis. Duis mattis vitae felis non porttitor.<\/p>\n<p>Etiam molestie eros orci, et interdum enim tempor id. Suspendisse ullamcorper malesuada suscipit? Praesent non turpis vitae risus luctus luctus. Sed eleifend ultrices pulvinar. Cras lacus lorem, ultrices ac nisi in, consequat ullamcorper lectus! Phasellus in ante in orci ultrices blandit sed vitae ipsum. Morbi odio mauris, malesuada ac pharetra id, hendrerit a nisi? Aenean felis ligula, dapibus non urna vitae, ullamcorper pretium tellus. Proin non lacus vel metus facilisis egestas. Ut fringilla ligula purus, ut tincidunt nisl molestie non? Etiam vel dolor eu felis pellentesque scelerisque eget at turpis.[\/vc_column_text][\/vc_accordion_tab][\/vc_accordion][\/vc_column][\/vc_row]<\/p>\n","protected":false},"excerpt":{"rendered":"<p>[vc_row rt_row_background_width=\u00bbdefault\u00bb rt_row_style=\u00bbdefault-style\u00bb rt_row_borders=\u00bb\u00bb rt_overlap=\u00bbtrue\u00bb rt_row_paddings=\u00bbtrue\u00bb rt_bg_effect=\u00bbclassic\u00bb rt_bg_image_repeat=\u00bbrepeat\u00bb rt_bg_size=\u00bbcover\u00bb rt_bg_position=\u00bbright top\u00bb rt_bg_attachment=\u00bbscroll\u00bb rt_bg_video_format=\u00bbself-hosted\u00bb][vc_column rt_wrp_col_paddings=\u00bbfalse\u00bb rt_border_top=\u00bb\u00bb rt_border_bottom=\u00bb\u00bb rt_border_left=\u00bb\u00bb rt_border_right=\u00bb\u00bb rt_border_top_mobile=\u00bb\u00bb rt_border_bottom_mobile=\u00bb\u00bb rt_border_left_mobile=\u00bb\u00bb rt_border_right_mobile=\u00bb\u00bb rt_bg_image_repeat=\u00bbrepeat\u00bb rt_bg_size=\u00bbauto auto\u00bb rt_bg_position=\u00bbright top\u00bb rt_bg_attachment=\u00bbscroll\u00bb][vc_column_text]Sapir se enorgullece en ofrecer a personas con una alta \u0117tica profesional la posibilidad de trabajar en un medio altemente estimulante y creador. Siempre estamos a la b\u00fasqueda [&hellip;]<\/p>\n","protected":false},"author":1,"featured_media":0,"parent":0,"menu_order":33,"comment_status":"open","ping_status":"closed","template":"","meta":{"footnotes":""},"class_list":["post-3808","page","type-page","status-publish","hentry"],"yoast_head":"<!-- This site is optimized with the Yoast SEO plugin v27.3 - https:\/\/yoast.com\/product\/yoast-seo-wordpress\/ -->\n<title>Empleos | Sapir Plastics<\/title>\n<meta name=\"robots\" content=\"index, follow, max-snippet:-1, max-image-preview:large, max-video-preview:-1\" \/>\n<link rel=\"canonical\" href=\"https:\/\/sapirplastics.com\/?page_id=2574\" \/>\n<meta property=\"og:locale\" content=\"es_ES\" \/>\n<meta property=\"og:type\" content=\"article\" \/>\n<meta property=\"og:title\" content=\"Empleos | Sapir Plastics\" \/>\n<meta property=\"og:description\" content=\"[vc_row rt_row_background_width=\u00bbdefault\u00bb rt_row_style=\u00bbdefault-style\u00bb rt_row_borders=\u00bb\u00bb rt_overlap=\u00bbtrue\u00bb rt_row_paddings=\u00bbtrue\u00bb rt_bg_effect=\u00bbclassic\u00bb rt_bg_image_repeat=\u00bbrepeat\u00bb rt_bg_size=\u00bbcover\u00bb rt_bg_position=\u00bbright top\u00bb rt_bg_attachment=\u00bbscroll\u00bb rt_bg_video_format=\u00bbself-hosted\u00bb][vc_column rt_wrp_col_paddings=\u00bbfalse\u00bb rt_border_top=\u00bb\u00bb rt_border_bottom=\u00bb\u00bb rt_border_left=\u00bb\u00bb rt_border_right=\u00bb\u00bb rt_border_top_mobile=\u00bb\u00bb rt_border_bottom_mobile=\u00bb\u00bb rt_border_left_mobile=\u00bb\u00bb rt_border_right_mobile=\u00bb\u00bb rt_bg_image_repeat=\u00bbrepeat\u00bb rt_bg_size=\u00bbauto auto\u00bb rt_bg_position=\u00bbright top\u00bb rt_bg_attachment=\u00bbscroll\u00bb][vc_column_text]Sapir se enorgullece en ofrecer a personas con una alta \u0117tica profesional la posibilidad de trabajar en un medio altemente estimulante y creador. Siempre estamos a la b\u00fasqueda [&hellip;]\" \/>\n<meta property=\"og:url\" content=\"https:\/\/sapirplastics.com\/?page_id=2574\" \/>\n<meta property=\"og:site_name\" content=\"Sapir Plastics\" \/>\n<meta property=\"article:modified_time\" content=\"2018-11-29T11:37:45+00:00\" \/>\n<meta name=\"twitter:card\" content=\"summary_large_image\" \/>\n<meta name=\"twitter:label1\" content=\"Tiempo de lectura\" \/>\n\t<meta name=\"twitter:data1\" content=\"5 minutos\" \/>\n<script type=\"application\/ld+json\" class=\"yoast-schema-graph\">{\"@context\":\"https:\\\/\\\/schema.org\",\"@graph\":[{\"@type\":\"WebPage\",\"@id\":\"https:\\\/\\\/sapirplastics.com\\\/?page_id=2574\",\"url\":\"https:\\\/\\\/sapirplastics.com\\\/?page_id=2574\",\"name\":\"Empleos | Sapir Plastics\",\"isPartOf\":{\"@id\":\"https:\\\/\\\/sapirplastics.com\\\/#website\"},\"datePublished\":\"2015-02-22T01:15:04+00:00\",\"dateModified\":\"2018-11-29T11:37:45+00:00\",\"breadcrumb\":{\"@id\":\"https:\\\/\\\/sapirplastics.com\\\/?page_id=2574#breadcrumb\"},\"inLanguage\":\"es\",\"potentialAction\":[{\"@type\":\"ReadAction\",\"target\":[\"https:\\\/\\\/sapirplastics.com\\\/?page_id=2574\"]}]},{\"@type\":\"BreadcrumbList\",\"@id\":\"https:\\\/\\\/sapirplastics.com\\\/?page_id=2574#breadcrumb\",\"itemListElement\":[{\"@type\":\"ListItem\",\"position\":1,\"name\":\"Home\",\"item\":\"https:\\\/\\\/sapirplastics.com\\\/es\\\/\"},{\"@type\":\"ListItem\",\"position\":2,\"name\":\"Empleos\"}]},{\"@type\":\"WebSite\",\"@id\":\"https:\\\/\\\/sapirplastics.com\\\/#website\",\"url\":\"https:\\\/\\\/sapirplastics.com\\\/\",\"name\":\"Sapir Plastics\",\"description\":\"\",\"potentialAction\":[{\"@type\":\"SearchAction\",\"target\":{\"@type\":\"EntryPoint\",\"urlTemplate\":\"https:\\\/\\\/sapirplastics.com\\\/?s={search_term_string}\"},\"query-input\":{\"@type\":\"PropertyValueSpecification\",\"valueRequired\":true,\"valueName\":\"search_term_string\"}}],\"inLanguage\":\"es\"}]}<\/script>\n<!-- \/ Yoast SEO plugin. -->","yoast_head_json":{"title":"Empleos | Sapir Plastics","robots":{"index":"index","follow":"follow","max-snippet":"max-snippet:-1","max-image-preview":"max-image-preview:large","max-video-preview":"max-video-preview:-1"},"canonical":"https:\/\/sapirplastics.com\/?page_id=2574","og_locale":"es_ES","og_type":"article","og_title":"Empleos | Sapir Plastics","og_description":"[vc_row rt_row_background_width=\u00bbdefault\u00bb rt_row_style=\u00bbdefault-style\u00bb rt_row_borders=\u00bb\u00bb rt_overlap=\u00bbtrue\u00bb rt_row_paddings=\u00bbtrue\u00bb rt_bg_effect=\u00bbclassic\u00bb rt_bg_image_repeat=\u00bbrepeat\u00bb rt_bg_size=\u00bbcover\u00bb rt_bg_position=\u00bbright top\u00bb rt_bg_attachment=\u00bbscroll\u00bb rt_bg_video_format=\u00bbself-hosted\u00bb][vc_column rt_wrp_col_paddings=\u00bbfalse\u00bb rt_border_top=\u00bb\u00bb rt_border_bottom=\u00bb\u00bb rt_border_left=\u00bb\u00bb rt_border_right=\u00bb\u00bb rt_border_top_mobile=\u00bb\u00bb rt_border_bottom_mobile=\u00bb\u00bb rt_border_left_mobile=\u00bb\u00bb rt_border_right_mobile=\u00bb\u00bb rt_bg_image_repeat=\u00bbrepeat\u00bb rt_bg_size=\u00bbauto auto\u00bb rt_bg_position=\u00bbright top\u00bb rt_bg_attachment=\u00bbscroll\u00bb][vc_column_text]Sapir se enorgullece en ofrecer a personas con una alta \u0117tica profesional la posibilidad de trabajar en un medio altemente estimulante y creador. Siempre estamos a la b\u00fasqueda [&hellip;]","og_url":"https:\/\/sapirplastics.com\/?page_id=2574","og_site_name":"Sapir Plastics","article_modified_time":"2018-11-29T11:37:45+00:00","twitter_card":"summary_large_image","twitter_misc":{"Tiempo de lectura":"5 minutos"},"schema":{"@context":"https:\/\/schema.org","@graph":[{"@type":"WebPage","@id":"https:\/\/sapirplastics.com\/?page_id=2574","url":"https:\/\/sapirplastics.com\/?page_id=2574","name":"Empleos | Sapir Plastics","isPartOf":{"@id":"https:\/\/sapirplastics.com\/#website"},"datePublished":"2015-02-22T01:15:04+00:00","dateModified":"2018-11-29T11:37:45+00:00","breadcrumb":{"@id":"https:\/\/sapirplastics.com\/?page_id=2574#breadcrumb"},"inLanguage":"es","potentialAction":[{"@type":"ReadAction","target":["https:\/\/sapirplastics.com\/?page_id=2574"]}]},{"@type":"BreadcrumbList","@id":"https:\/\/sapirplastics.com\/?page_id=2574#breadcrumb","itemListElement":[{"@type":"ListItem","position":1,"name":"Home","item":"https:\/\/sapirplastics.com\/es\/"},{"@type":"ListItem","position":2,"name":"Empleos"}]},{"@type":"WebSite","@id":"https:\/\/sapirplastics.com\/#website","url":"https:\/\/sapirplastics.com\/","name":"Sapir Plastics","description":"","potentialAction":[{"@type":"SearchAction","target":{"@type":"EntryPoint","urlTemplate":"https:\/\/sapirplastics.com\/?s={search_term_string}"},"query-input":{"@type":"PropertyValueSpecification","valueRequired":true,"valueName":"search_term_string"}}],"inLanguage":"es"}]}},"_links":{"self":[{"href":"https:\/\/sapirplastics.com\/es\/wp-json\/wp\/v2\/pages\/3808","targetHints":{"allow":["GET"]}}],"collection":[{"href":"https:\/\/sapirplastics.com\/es\/wp-json\/wp\/v2\/pages"}],"about":[{"href":"https:\/\/sapirplastics.com\/es\/wp-json\/wp\/v2\/types\/page"}],"author":[{"embeddable":true,"href":"https:\/\/sapirplastics.com\/es\/wp-json\/wp\/v2\/users\/1"}],"replies":[{"embeddable":true,"href":"https:\/\/sapirplastics.com\/es\/wp-json\/wp\/v2\/comments?post=3808"}],"version-history":[{"count":2,"href":"https:\/\/sapirplastics.com\/es\/wp-json\/wp\/v2\/pages\/3808\/revisions"}],"predecessor-version":[{"id":3822,"href":"https:\/\/sapirplastics.com\/es\/wp-json\/wp\/v2\/pages\/3808\/revisions\/3822"}],"wp:attachment":[{"href":"https:\/\/sapirplastics.com\/es\/wp-json\/wp\/v2\/media?parent=3808"}],"curies":[{"name":"wp","href":"https:\/\/api.w.org\/{rel}","templated":true}]}}