{"id":3805,"date":"2018-08-19T11:54:48","date_gmt":"2018-08-19T11:54:48","guid":{"rendered":"http:\/\/sapir.dooble.info\/nosotros\/quality\/"},"modified":"2024-08-12T07:03:21","modified_gmt":"2024-08-12T07:03:21","slug":"estandares-de-calidad","status":"publish","type":"page","link":"https:\/\/sapirplastics.com\/es\/nosotros\/estandares-de-calidad\/","title":{"rendered":"Est\u00e1ndares de Calidad"},"content":{"rendered":"<p>[vc_row rt_row_background_width=\u00bbdefault\u00bb rt_row_style=\u00bbdefault-style\u00bb rt_row_borders=\u00bb\u00bb rt_row_paddings=\u00bbtrue\u00bb rt_bg_effect=\u00bbclassic\u00bb rt_bg_image_repeat=\u00bbrepeat\u00bb rt_bg_size=\u00bbcover\u00bb rt_bg_position=\u00bbright top\u00bb rt_bg_attachment=\u00bbscroll\u00bb rt_bg_video_format=\u00bbself-hosted\u00bb][vc_column rt_wrp_col_paddings=\u00bbfalse\u00bb rt_border_top=\u00bb\u00bb rt_border_bottom=\u00bb\u00bb rt_border_left=\u00bb\u00bb rt_border_right=\u00bb\u00bb rt_border_top_mobile=\u00bb\u00bb rt_border_bottom_mobile=\u00bb\u00bb rt_border_left_mobile=\u00bb\u00bb rt_border_right_mobile=\u00bb\u00bb rt_bg_image_repeat=\u00bbrepeat\u00bb rt_bg_size=\u00bbauto auto\u00bb rt_bg_position=\u00bbright top\u00bb rt_bg_attachment=\u00bbscroll\u00bb][vc_column_text]Como empresa internacional y l\u00edder en el mercado, Sapir Plastic Industries est\u00e1 comprometida con altos est\u00e1ndares de calidad e higiene. Nuestras modernas l\u00edeans de producci\u00f3n cuentan con equipamiento de la m\u00e1s alta tecnolog\u00eda que incluyen robots para una labor m\u00e1s r\u00e1pida, precisa, eficiente, y productiva.<\/p>\n<p>SAPIR cumple con las directivas de la Uni\u00f3n Europea REACH y tenemos la certificaci\u00f3n ISO 90012008.<\/p>\n<p>Nuestra conciencia ambientalista es fundamental en nuestro desarrollo de nuevos productos, por lo que todos nuestros productos son reciclables y amistosos con el medio ambiente.<\/p>\n<h3>Control de Calidad<\/h3>\n<p>Sapir realiza controles de calidad a nuestros productos con regularidad para asegurarnos que nuestro film estirable y el resto de nuestros productos cumplen con los m\u00e1s altos est\u00e1ndares de calidad. Nuestras lineas de producci\u00f3n est\u00e1n equipadas son sensors y escaners, y nuestro equipo de Control de Calidad que est\u00e1 responsabilizado de mantener una alta calidad en todos nuestros productos.[\/vc_column_text][\/vc_column][\/vc_row][vc_row_inner rt_row_style=\u00bbglobal-style\u00bb rt_row_borders=\u00bb\u00bb rt_row_paddings=\u00bbtrue\u00bb rt_bg_effect=\u00bbclassic\u00bb rt_bg_image_repeat=\u00bbrepeat\u00bb rt_bg_size=\u00bbcover\u00bb rt_bg_position=\u00bbright top\u00bb rt_bg_attachment=\u00bbscroll\u00bb rt_bg_video_format=\u00bbself-hosted\u00bb][vc_column_inner width=\u00bb1\/3&#8243; rt_wrp_col_paddings=\u00bbfalse\u00bb rt_border_top=\u00bb\u00bb rt_border_bottom=\u00bb\u00bb rt_border_left=\u00bb\u00bb rt_border_right=\u00bb\u00bb rt_border_top_mobile=\u00bb\u00bb rt_border_bottom_mobile=\u00bb\u00bb rt_border_left_mobile=\u00bb\u00bb rt_border_right_mobile=\u00bb\u00bb rt_bg_image_repeat=\u00bbrepeat\u00bb rt_bg_size=\u00bbauto auto\u00bb rt_bg_position=\u00bbright top\u00bb rt_bg_attachment=\u00bbscroll\u00bb][vc_single_image image=\u00bb5069&#8243; img_size=\u00bbmedium\u00bb onclick=\u00bbcustom_link\u00bb img_link_target=\u00bb_blank\u00bb link=\u00bb\/wp-content\/uploads\/2020\/04\/iso-en.pdf\u00bb][\/vc_column_inner][vc_column_inner width=\u00bb1\/3&#8243; rt_wrp_col_paddings=\u00bbfalse\u00bb rt_border_top=\u00bb\u00bb rt_border_bottom=\u00bb\u00bb rt_border_left=\u00bb\u00bb rt_border_right=\u00bb\u00bb rt_border_top_mobile=\u00bb\u00bb rt_border_bottom_mobile=\u00bb\u00bb rt_border_left_mobile=\u00bb\u00bb rt_border_right_mobile=\u00bb\u00bb rt_bg_image_repeat=\u00bbrepeat\u00bb rt_bg_size=\u00bbauto auto\u00bb rt_bg_position=\u00bbright top\u00bb rt_bg_attachment=\u00bbscroll\u00bb][vc_single_image image=\u00bb5065&#8243; img_size=\u00bbmedium\u00bb onclick=\u00bbcustom_link\u00bb img_link_target=\u00bb_blank\u00bb link=\u00bb\/wp-content\/uploads\/2020\/04\/iso-int.pdf\u00bb][\/vc_column_inner][vc_column_inner width=\u00bb1\/3&#8243; rt_wrp_col_paddings=\u00bbfalse\u00bb rt_border_top=\u00bb\u00bb rt_border_bottom=\u00bb\u00bb rt_border_left=\u00bb\u00bb rt_border_right=\u00bb\u00bb rt_border_top_mobile=\u00bb\u00bb rt_border_bottom_mobile=\u00bb\u00bb rt_border_left_mobile=\u00bb\u00bb rt_border_right_mobile=\u00bb\u00bb rt_bg_image_repeat=\u00bbrepeat\u00bb rt_bg_size=\u00bbauto auto\u00bb rt_bg_position=\u00bbright top\u00bb rt_bg_attachment=\u00bbscroll\u00bb][\/vc_column_inner][\/vc_row_inner]<\/p>\n","protected":false},"excerpt":{"rendered":"<p>[vc_row rt_row_background_width=\u00bbdefault\u00bb rt_row_style=\u00bbdefault-style\u00bb rt_row_borders=\u00bb\u00bb rt_row_paddings=\u00bbtrue\u00bb rt_bg_effect=\u00bbclassic\u00bb rt_bg_image_repeat=\u00bbrepeat\u00bb rt_bg_size=\u00bbcover\u00bb rt_bg_position=\u00bbright top\u00bb rt_bg_attachment=\u00bbscroll\u00bb rt_bg_video_format=\u00bbself-hosted\u00bb][vc_column rt_wrp_col_paddings=\u00bbfalse\u00bb rt_border_top=\u00bb\u00bb rt_border_bottom=\u00bb\u00bb rt_border_left=\u00bb\u00bb rt_border_right=\u00bb\u00bb rt_border_top_mobile=\u00bb\u00bb rt_border_bottom_mobile=\u00bb\u00bb rt_border_left_mobile=\u00bb\u00bb rt_border_right_mobile=\u00bb\u00bb rt_bg_image_repeat=\u00bbrepeat\u00bb rt_bg_size=\u00bbauto auto\u00bb rt_bg_position=\u00bbright top\u00bb rt_bg_attachment=\u00bbscroll\u00bb][vc_column_text]Como empresa internacional y l\u00edder en el mercado, Sapir Plastic Industries est\u00e1 comprometida con altos est\u00e1ndares de calidad e higiene. Nuestras modernas l\u00edeans de producci\u00f3n cuentan con equipamiento de [&hellip;]<\/p>\n","protected":false},"author":1,"featured_media":0,"parent":3789,"menu_order":17,"comment_status":"closed","ping_status":"closed","template":"","meta":{"footnotes":""},"class_list":["post-3805","page","type-page","status-publish","hentry"],"yoast_head":"<!-- This site is optimized with the Yoast SEO plugin v27.3 - https:\/\/yoast.com\/product\/yoast-seo-wordpress\/ -->\n<title>Est\u00e1ndares de Calidad | Sapir Plastics<\/title>\n<meta name=\"robots\" content=\"index, follow, max-snippet:-1, max-image-preview:large, max-video-preview:-1\" \/>\n<link rel=\"canonical\" href=\"https:\/\/sapirplastics.com\/es\/nosotros\/estandares-de-calidad\/\" \/>\n<meta property=\"og:locale\" content=\"es_ES\" \/>\n<meta property=\"og:type\" content=\"article\" \/>\n<meta property=\"og:title\" content=\"Est\u00e1ndares de Calidad | Sapir Plastics\" \/>\n<meta property=\"og:description\" content=\"[vc_row rt_row_background_width=\u00bbdefault\u00bb rt_row_style=\u00bbdefault-style\u00bb rt_row_borders=\u00bb\u00bb rt_row_paddings=\u00bbtrue\u00bb rt_bg_effect=\u00bbclassic\u00bb rt_bg_image_repeat=\u00bbrepeat\u00bb rt_bg_size=\u00bbcover\u00bb rt_bg_position=\u00bbright top\u00bb rt_bg_attachment=\u00bbscroll\u00bb rt_bg_video_format=\u00bbself-hosted\u00bb][vc_column rt_wrp_col_paddings=\u00bbfalse\u00bb rt_border_top=\u00bb\u00bb rt_border_bottom=\u00bb\u00bb rt_border_left=\u00bb\u00bb rt_border_right=\u00bb\u00bb rt_border_top_mobile=\u00bb\u00bb rt_border_bottom_mobile=\u00bb\u00bb rt_border_left_mobile=\u00bb\u00bb rt_border_right_mobile=\u00bb\u00bb rt_bg_image_repeat=\u00bbrepeat\u00bb rt_bg_size=\u00bbauto auto\u00bb rt_bg_position=\u00bbright top\u00bb rt_bg_attachment=\u00bbscroll\u00bb][vc_column_text]Como empresa internacional y l\u00edder en el mercado, Sapir Plastic Industries est\u00e1 comprometida con altos est\u00e1ndares de calidad e higiene. Nuestras modernas l\u00edeans de producci\u00f3n cuentan con equipamiento de [&hellip;]\" \/>\n<meta property=\"og:url\" content=\"https:\/\/sapirplastics.com\/es\/nosotros\/estandares-de-calidad\/\" \/>\n<meta property=\"og:site_name\" content=\"Sapir Plastics\" \/>\n<meta property=\"article:modified_time\" content=\"2024-08-12T07:03:21+00:00\" \/>\n<meta name=\"twitter:card\" content=\"summary_large_image\" \/>\n<meta name=\"twitter:label1\" content=\"Tiempo de lectura\" \/>\n\t<meta name=\"twitter:data1\" content=\"3 minutos\" \/>\n<script type=\"application\/ld+json\" class=\"yoast-schema-graph\">{\"@context\":\"https:\\\/\\\/schema.org\",\"@graph\":[{\"@type\":\"WebPage\",\"@id\":\"https:\\\/\\\/sapirplastics.com\\\/es\\\/nosotros\\\/estandares-de-calidad\\\/\",\"url\":\"https:\\\/\\\/sapirplastics.com\\\/es\\\/nosotros\\\/estandares-de-calidad\\\/\",\"name\":\"Est\u00e1ndares de Calidad | Sapir Plastics\",\"isPartOf\":{\"@id\":\"https:\\\/\\\/sapirplastics.com\\\/#website\"},\"datePublished\":\"2018-08-19T11:54:48+00:00\",\"dateModified\":\"2024-08-12T07:03:21+00:00\",\"breadcrumb\":{\"@id\":\"https:\\\/\\\/sapirplastics.com\\\/es\\\/nosotros\\\/estandares-de-calidad\\\/#breadcrumb\"},\"inLanguage\":\"es\",\"potentialAction\":[{\"@type\":\"ReadAction\",\"target\":[\"https:\\\/\\\/sapirplastics.com\\\/es\\\/nosotros\\\/estandares-de-calidad\\\/\"]}]},{\"@type\":\"BreadcrumbList\",\"@id\":\"https:\\\/\\\/sapirplastics.com\\\/es\\\/nosotros\\\/estandares-de-calidad\\\/#breadcrumb\",\"itemListElement\":[{\"@type\":\"ListItem\",\"position\":1,\"name\":\"Home\",\"item\":\"https:\\\/\\\/sapirplastics.com\\\/es\\\/\"},{\"@type\":\"ListItem\",\"position\":2,\"name\":\"Nosotros\",\"item\":\"https:\\\/\\\/sapirplastics.com\\\/es\\\/nosotros\\\/\"},{\"@type\":\"ListItem\",\"position\":3,\"name\":\"Est\u00e1ndares de Calidad\"}]},{\"@type\":\"WebSite\",\"@id\":\"https:\\\/\\\/sapirplastics.com\\\/#website\",\"url\":\"https:\\\/\\\/sapirplastics.com\\\/\",\"name\":\"Sapir Plastics\",\"description\":\"\",\"potentialAction\":[{\"@type\":\"SearchAction\",\"target\":{\"@type\":\"EntryPoint\",\"urlTemplate\":\"https:\\\/\\\/sapirplastics.com\\\/?s={search_term_string}\"},\"query-input\":{\"@type\":\"PropertyValueSpecification\",\"valueRequired\":true,\"valueName\":\"search_term_string\"}}],\"inLanguage\":\"es\"}]}<\/script>\n<!-- \/ Yoast SEO plugin. -->","yoast_head_json":{"title":"Est\u00e1ndares de Calidad | Sapir Plastics","robots":{"index":"index","follow":"follow","max-snippet":"max-snippet:-1","max-image-preview":"max-image-preview:large","max-video-preview":"max-video-preview:-1"},"canonical":"https:\/\/sapirplastics.com\/es\/nosotros\/estandares-de-calidad\/","og_locale":"es_ES","og_type":"article","og_title":"Est\u00e1ndares de Calidad | Sapir Plastics","og_description":"[vc_row rt_row_background_width=\u00bbdefault\u00bb rt_row_style=\u00bbdefault-style\u00bb rt_row_borders=\u00bb\u00bb rt_row_paddings=\u00bbtrue\u00bb rt_bg_effect=\u00bbclassic\u00bb rt_bg_image_repeat=\u00bbrepeat\u00bb rt_bg_size=\u00bbcover\u00bb rt_bg_position=\u00bbright top\u00bb rt_bg_attachment=\u00bbscroll\u00bb rt_bg_video_format=\u00bbself-hosted\u00bb][vc_column rt_wrp_col_paddings=\u00bbfalse\u00bb rt_border_top=\u00bb\u00bb rt_border_bottom=\u00bb\u00bb rt_border_left=\u00bb\u00bb rt_border_right=\u00bb\u00bb rt_border_top_mobile=\u00bb\u00bb rt_border_bottom_mobile=\u00bb\u00bb rt_border_left_mobile=\u00bb\u00bb rt_border_right_mobile=\u00bb\u00bb rt_bg_image_repeat=\u00bbrepeat\u00bb rt_bg_size=\u00bbauto auto\u00bb rt_bg_position=\u00bbright top\u00bb rt_bg_attachment=\u00bbscroll\u00bb][vc_column_text]Como empresa internacional y l\u00edder en el mercado, Sapir Plastic Industries est\u00e1 comprometida con altos est\u00e1ndares de calidad e higiene. Nuestras modernas l\u00edeans de producci\u00f3n cuentan con equipamiento de [&hellip;]","og_url":"https:\/\/sapirplastics.com\/es\/nosotros\/estandares-de-calidad\/","og_site_name":"Sapir Plastics","article_modified_time":"2024-08-12T07:03:21+00:00","twitter_card":"summary_large_image","twitter_misc":{"Tiempo de lectura":"3 minutos"},"schema":{"@context":"https:\/\/schema.org","@graph":[{"@type":"WebPage","@id":"https:\/\/sapirplastics.com\/es\/nosotros\/estandares-de-calidad\/","url":"https:\/\/sapirplastics.com\/es\/nosotros\/estandares-de-calidad\/","name":"Est\u00e1ndares de Calidad | Sapir Plastics","isPartOf":{"@id":"https:\/\/sapirplastics.com\/#website"},"datePublished":"2018-08-19T11:54:48+00:00","dateModified":"2024-08-12T07:03:21+00:00","breadcrumb":{"@id":"https:\/\/sapirplastics.com\/es\/nosotros\/estandares-de-calidad\/#breadcrumb"},"inLanguage":"es","potentialAction":[{"@type":"ReadAction","target":["https:\/\/sapirplastics.com\/es\/nosotros\/estandares-de-calidad\/"]}]},{"@type":"BreadcrumbList","@id":"https:\/\/sapirplastics.com\/es\/nosotros\/estandares-de-calidad\/#breadcrumb","itemListElement":[{"@type":"ListItem","position":1,"name":"Home","item":"https:\/\/sapirplastics.com\/es\/"},{"@type":"ListItem","position":2,"name":"Nosotros","item":"https:\/\/sapirplastics.com\/es\/nosotros\/"},{"@type":"ListItem","position":3,"name":"Est\u00e1ndares de Calidad"}]},{"@type":"WebSite","@id":"https:\/\/sapirplastics.com\/#website","url":"https:\/\/sapirplastics.com\/","name":"Sapir Plastics","description":"","potentialAction":[{"@type":"SearchAction","target":{"@type":"EntryPoint","urlTemplate":"https:\/\/sapirplastics.com\/?s={search_term_string}"},"query-input":{"@type":"PropertyValueSpecification","valueRequired":true,"valueName":"search_term_string"}}],"inLanguage":"es"}]}},"_links":{"self":[{"href":"https:\/\/sapirplastics.com\/es\/wp-json\/wp\/v2\/pages\/3805","targetHints":{"allow":["GET"]}}],"collection":[{"href":"https:\/\/sapirplastics.com\/es\/wp-json\/wp\/v2\/pages"}],"about":[{"href":"https:\/\/sapirplastics.com\/es\/wp-json\/wp\/v2\/types\/page"}],"author":[{"embeddable":true,"href":"https:\/\/sapirplastics.com\/es\/wp-json\/wp\/v2\/users\/1"}],"replies":[{"embeddable":true,"href":"https:\/\/sapirplastics.com\/es\/wp-json\/wp\/v2\/comments?post=3805"}],"version-history":[{"count":4,"href":"https:\/\/sapirplastics.com\/es\/wp-json\/wp\/v2\/pages\/3805\/revisions"}],"predecessor-version":[{"id":5078,"href":"https:\/\/sapirplastics.com\/es\/wp-json\/wp\/v2\/pages\/3805\/revisions\/5078"}],"up":[{"embeddable":true,"href":"https:\/\/sapirplastics.com\/es\/wp-json\/wp\/v2\/pages\/3789"}],"wp:attachment":[{"href":"https:\/\/sapirplastics.com\/es\/wp-json\/wp\/v2\/media?parent=3805"}],"curies":[{"name":"wp","href":"https:\/\/api.w.org\/{rel}","templated":true}]}}