{"id":3789,"date":"2015-02-02T04:30:57","date_gmt":"2015-02-02T04:30:57","guid":{"rendered":"http:\/\/sapir.dooble.info\/about-us\/"},"modified":"2026-04-14T05:44:16","modified_gmt":"2026-04-14T05:44:16","slug":"nosotros","status":"publish","type":"page","link":"https:\/\/sapirplastics.com\/es\/nosotros\/","title":{"rendered":"Nosotros"},"content":{"rendered":"<p>[vc_row rt_row_background_width=\u00bbfullwidth\u00bb rt_row_content_width=\u00bbdefault\u00bb rt_row_style=\u00bbdefault-style\u00bb rt_row_borders=\u00bbbottom\u00bb rt_row_paddings=\u00bbtrue\u00bb rt_bg_effect=\u00bbclassic\u00bb rt_bg_image_repeat=\u00bbrepeat\u00bb rt_bg_size=\u00bbcover\u00bb rt_bg_position=\u00bbright top\u00bb rt_bg_attachment=\u00bbscroll\u00bb rt_bg_video_format=\u00bbself-hosted\u00bb][vc_column rt_wrp_col_paddings=\u00bbfalse\u00bb rt_border_top=\u00bb\u00bb rt_border_bottom=\u00bb\u00bb rt_border_left=\u00bb\u00bb rt_border_right=\u00bb\u00bb rt_border_top_mobile=\u00bb\u00bb rt_border_bottom_mobile=\u00bb\u00bb rt_border_left_mobile=\u00bb\u00bb rt_border_right_mobile=\u00bb\u00bb rt_bg_image_repeat=\u00bbrepeat\u00bb rt_bg_size=\u00bbauto auto\u00bb rt_bg_position=\u00bbright top\u00bb rt_bg_attachment=\u00bbscroll\u00bb][vc_column_text]Sapir Plastics Industries es una empresa familiar, gestionada por dos generaciones, con m\u00e1s de 30 a\u00f1os de experiencia en la fabricaci\u00f3n de film estirable. Lo que comenz\u00f3 como un productor local se ha convertido en una empresa reconocida internacionalmente, con plantas de producci\u00f3n en Israel e Italia y clientes en decenas de pa\u00edses en todo el mundo.<\/p>\n<p>Sapir cuenta con el Certificado de Contenido de Pl\u00e1stico Reciclado (UNE-EN 15343), otorgado por AENOR y acreditado por ENAC, que certifica la producci\u00f3n de film estirable con hasta un 75% de contenido reciclado posconsumo (PCR) y hasta un 95% de contenido reciclado postindustrial (PIR). Esta certificaci\u00f3n demuestra el compromiso real de Sapir con la econom\u00eda circular de los pl\u00e1sticos.<\/p>\n<p>Todos los productos de Sapir son 100% reciclables. Adem\u00e1s, la empresa integra energ\u00eda renovable en sus operaciones mediante la instalaci\u00f3n de paneles solares en su planta, reforzando as\u00ed su compromiso ambiental a largo plazo.<\/p>\n<p>SAPIR cumple con la normativa REACH de la Uni\u00f3n Europea y es fabricante certificado ISO (ISO 9001:2008), reflejando su compromiso con est\u00e1ndares de calidad y requisitos regulatorios reconocidos internacionalmente.<\/p>\n<p>Sapir participa regularmente en las principales ferias internacionales del sector del embalaje, como Interpack e Ipack Ima. Estas plataformas globales nos permiten presentar nuestras innovaciones, tecnolog\u00edas sostenibles y soluciones personalizadas en filme estirable, fortaleciendo alianzas estrat\u00e9gicas en la industria del embalaje.<\/p>\n<p>Le invitamos a conocer Sapir Plastics Industries y descubrir c\u00f3mo nuestros filmes estirables sostenibles y de alto rendimiento pueden apoyar su negocio.<br \/>\nPara m\u00e1s informaci\u00f3n o consultas, no dude en contactarnos directamente:<br \/>\n<a href=\"mailto:sales@sapirplastics.com\">sales@sapirplastics.com<\/a>[\/vc_column_text][\/vc_column][\/vc_row]<\/p>\n","protected":false},"excerpt":{"rendered":"<p>[vc_row rt_row_background_width=\u00bbfullwidth\u00bb rt_row_content_width=\u00bbdefault\u00bb rt_row_style=\u00bbdefault-style\u00bb rt_row_borders=\u00bbbottom\u00bb rt_row_paddings=\u00bbtrue\u00bb rt_bg_effect=\u00bbclassic\u00bb rt_bg_image_repeat=\u00bbrepeat\u00bb rt_bg_size=\u00bbcover\u00bb rt_bg_position=\u00bbright top\u00bb rt_bg_attachment=\u00bbscroll\u00bb rt_bg_video_format=\u00bbself-hosted\u00bb][vc_column rt_wrp_col_paddings=\u00bbfalse\u00bb rt_border_top=\u00bb\u00bb rt_border_bottom=\u00bb\u00bb rt_border_left=\u00bb\u00bb rt_border_right=\u00bb\u00bb rt_border_top_mobile=\u00bb\u00bb rt_border_bottom_mobile=\u00bb\u00bb rt_border_left_mobile=\u00bb\u00bb rt_border_right_mobile=\u00bb\u00bb rt_bg_image_repeat=\u00bbrepeat\u00bb rt_bg_size=\u00bbauto auto\u00bb rt_bg_position=\u00bbright top\u00bb rt_bg_attachment=\u00bbscroll\u00bb][vc_column_text]Sapir Plastics Industries es una empresa familiar, gestionada por dos generaciones, con m\u00e1s de 30 a\u00f1os de experiencia en la fabricaci\u00f3n de film estirable. Lo que comenz\u00f3 como [&hellip;]<\/p>\n","protected":false},"author":1,"featured_media":0,"parent":0,"menu_order":28,"comment_status":"open","ping_status":"open","template":"","meta":{"footnotes":""},"class_list":["post-3789","page","type-page","status-publish","hentry"],"yoast_head":"<!-- This site is optimized with the Yoast SEO plugin v27.3 - https:\/\/yoast.com\/product\/yoast-seo-wordpress\/ -->\n<title>Nosotros | Sapir Plastics<\/title>\n<meta name=\"robots\" content=\"index, follow, max-snippet:-1, max-image-preview:large, max-video-preview:-1\" \/>\n<link rel=\"canonical\" href=\"https:\/\/sapirplastics.com\/es\/nosotros\/\" \/>\n<meta property=\"og:locale\" content=\"es_ES\" \/>\n<meta property=\"og:type\" content=\"article\" \/>\n<meta property=\"og:title\" content=\"Nosotros | Sapir Plastics\" \/>\n<meta property=\"og:description\" content=\"[vc_row rt_row_background_width=\u00bbfullwidth\u00bb rt_row_content_width=\u00bbdefault\u00bb rt_row_style=\u00bbdefault-style\u00bb rt_row_borders=\u00bbbottom\u00bb rt_row_paddings=\u00bbtrue\u00bb rt_bg_effect=\u00bbclassic\u00bb rt_bg_image_repeat=\u00bbrepeat\u00bb rt_bg_size=\u00bbcover\u00bb rt_bg_position=\u00bbright top\u00bb rt_bg_attachment=\u00bbscroll\u00bb rt_bg_video_format=\u00bbself-hosted\u00bb][vc_column rt_wrp_col_paddings=\u00bbfalse\u00bb rt_border_top=\u00bb\u00bb rt_border_bottom=\u00bb\u00bb rt_border_left=\u00bb\u00bb rt_border_right=\u00bb\u00bb rt_border_top_mobile=\u00bb\u00bb rt_border_bottom_mobile=\u00bb\u00bb rt_border_left_mobile=\u00bb\u00bb rt_border_right_mobile=\u00bb\u00bb rt_bg_image_repeat=\u00bbrepeat\u00bb rt_bg_size=\u00bbauto auto\u00bb rt_bg_position=\u00bbright top\u00bb rt_bg_attachment=\u00bbscroll\u00bb][vc_column_text]Sapir Plastics Industries es una empresa familiar, gestionada por dos generaciones, con m\u00e1s de 30 a\u00f1os de experiencia en la fabricaci\u00f3n de film estirable. Lo que comenz\u00f3 como [&hellip;]\" \/>\n<meta property=\"og:url\" content=\"https:\/\/sapirplastics.com\/es\/nosotros\/\" \/>\n<meta property=\"og:site_name\" content=\"Sapir Plastics\" \/>\n<meta property=\"article:modified_time\" content=\"2026-04-14T05:44:16+00:00\" \/>\n<meta name=\"twitter:card\" content=\"summary_large_image\" \/>\n<meta name=\"twitter:label1\" content=\"Tiempo de lectura\" \/>\n\t<meta name=\"twitter:data1\" content=\"2 minutos\" \/>\n<script type=\"application\/ld+json\" class=\"yoast-schema-graph\">{\"@context\":\"https:\\\/\\\/schema.org\",\"@graph\":[{\"@type\":\"WebPage\",\"@id\":\"https:\\\/\\\/sapirplastics.com\\\/es\\\/nosotros\\\/\",\"url\":\"https:\\\/\\\/sapirplastics.com\\\/es\\\/nosotros\\\/\",\"name\":\"Nosotros | Sapir Plastics\",\"isPartOf\":{\"@id\":\"https:\\\/\\\/sapirplastics.com\\\/#website\"},\"datePublished\":\"2015-02-02T04:30:57+00:00\",\"dateModified\":\"2026-04-14T05:44:16+00:00\",\"breadcrumb\":{\"@id\":\"https:\\\/\\\/sapirplastics.com\\\/es\\\/nosotros\\\/#breadcrumb\"},\"inLanguage\":\"es\",\"potentialAction\":[{\"@type\":\"ReadAction\",\"target\":[\"https:\\\/\\\/sapirplastics.com\\\/es\\\/nosotros\\\/\"]}]},{\"@type\":\"BreadcrumbList\",\"@id\":\"https:\\\/\\\/sapirplastics.com\\\/es\\\/nosotros\\\/#breadcrumb\",\"itemListElement\":[{\"@type\":\"ListItem\",\"position\":1,\"name\":\"Home\",\"item\":\"https:\\\/\\\/sapirplastics.com\\\/es\\\/\"},{\"@type\":\"ListItem\",\"position\":2,\"name\":\"Nosotros\"}]},{\"@type\":\"WebSite\",\"@id\":\"https:\\\/\\\/sapirplastics.com\\\/#website\",\"url\":\"https:\\\/\\\/sapirplastics.com\\\/\",\"name\":\"Sapir Plastics\",\"description\":\"\",\"potentialAction\":[{\"@type\":\"SearchAction\",\"target\":{\"@type\":\"EntryPoint\",\"urlTemplate\":\"https:\\\/\\\/sapirplastics.com\\\/?s={search_term_string}\"},\"query-input\":{\"@type\":\"PropertyValueSpecification\",\"valueRequired\":true,\"valueName\":\"search_term_string\"}}],\"inLanguage\":\"es\"}]}<\/script>\n<!-- \/ Yoast SEO plugin. -->","yoast_head_json":{"title":"Nosotros | Sapir Plastics","robots":{"index":"index","follow":"follow","max-snippet":"max-snippet:-1","max-image-preview":"max-image-preview:large","max-video-preview":"max-video-preview:-1"},"canonical":"https:\/\/sapirplastics.com\/es\/nosotros\/","og_locale":"es_ES","og_type":"article","og_title":"Nosotros | Sapir Plastics","og_description":"[vc_row rt_row_background_width=\u00bbfullwidth\u00bb rt_row_content_width=\u00bbdefault\u00bb rt_row_style=\u00bbdefault-style\u00bb rt_row_borders=\u00bbbottom\u00bb rt_row_paddings=\u00bbtrue\u00bb rt_bg_effect=\u00bbclassic\u00bb rt_bg_image_repeat=\u00bbrepeat\u00bb rt_bg_size=\u00bbcover\u00bb rt_bg_position=\u00bbright top\u00bb rt_bg_attachment=\u00bbscroll\u00bb rt_bg_video_format=\u00bbself-hosted\u00bb][vc_column rt_wrp_col_paddings=\u00bbfalse\u00bb rt_border_top=\u00bb\u00bb rt_border_bottom=\u00bb\u00bb rt_border_left=\u00bb\u00bb rt_border_right=\u00bb\u00bb rt_border_top_mobile=\u00bb\u00bb rt_border_bottom_mobile=\u00bb\u00bb rt_border_left_mobile=\u00bb\u00bb rt_border_right_mobile=\u00bb\u00bb rt_bg_image_repeat=\u00bbrepeat\u00bb rt_bg_size=\u00bbauto auto\u00bb rt_bg_position=\u00bbright top\u00bb rt_bg_attachment=\u00bbscroll\u00bb][vc_column_text]Sapir Plastics Industries es una empresa familiar, gestionada por dos generaciones, con m\u00e1s de 30 a\u00f1os de experiencia en la fabricaci\u00f3n de film estirable. Lo que comenz\u00f3 como [&hellip;]","og_url":"https:\/\/sapirplastics.com\/es\/nosotros\/","og_site_name":"Sapir Plastics","article_modified_time":"2026-04-14T05:44:16+00:00","twitter_card":"summary_large_image","twitter_misc":{"Tiempo de lectura":"2 minutos"},"schema":{"@context":"https:\/\/schema.org","@graph":[{"@type":"WebPage","@id":"https:\/\/sapirplastics.com\/es\/nosotros\/","url":"https:\/\/sapirplastics.com\/es\/nosotros\/","name":"Nosotros | Sapir Plastics","isPartOf":{"@id":"https:\/\/sapirplastics.com\/#website"},"datePublished":"2015-02-02T04:30:57+00:00","dateModified":"2026-04-14T05:44:16+00:00","breadcrumb":{"@id":"https:\/\/sapirplastics.com\/es\/nosotros\/#breadcrumb"},"inLanguage":"es","potentialAction":[{"@type":"ReadAction","target":["https:\/\/sapirplastics.com\/es\/nosotros\/"]}]},{"@type":"BreadcrumbList","@id":"https:\/\/sapirplastics.com\/es\/nosotros\/#breadcrumb","itemListElement":[{"@type":"ListItem","position":1,"name":"Home","item":"https:\/\/sapirplastics.com\/es\/"},{"@type":"ListItem","position":2,"name":"Nosotros"}]},{"@type":"WebSite","@id":"https:\/\/sapirplastics.com\/#website","url":"https:\/\/sapirplastics.com\/","name":"Sapir Plastics","description":"","potentialAction":[{"@type":"SearchAction","target":{"@type":"EntryPoint","urlTemplate":"https:\/\/sapirplastics.com\/?s={search_term_string}"},"query-input":{"@type":"PropertyValueSpecification","valueRequired":true,"valueName":"search_term_string"}}],"inLanguage":"es"}]}},"_links":{"self":[{"href":"https:\/\/sapirplastics.com\/es\/wp-json\/wp\/v2\/pages\/3789","targetHints":{"allow":["GET"]}}],"collection":[{"href":"https:\/\/sapirplastics.com\/es\/wp-json\/wp\/v2\/pages"}],"about":[{"href":"https:\/\/sapirplastics.com\/es\/wp-json\/wp\/v2\/types\/page"}],"author":[{"embeddable":true,"href":"https:\/\/sapirplastics.com\/es\/wp-json\/wp\/v2\/users\/1"}],"replies":[{"embeddable":true,"href":"https:\/\/sapirplastics.com\/es\/wp-json\/wp\/v2\/comments?post=3789"}],"version-history":[{"count":3,"href":"https:\/\/sapirplastics.com\/es\/wp-json\/wp\/v2\/pages\/3789\/revisions"}],"predecessor-version":[{"id":5314,"href":"https:\/\/sapirplastics.com\/es\/wp-json\/wp\/v2\/pages\/3789\/revisions\/5314"}],"wp:attachment":[{"href":"https:\/\/sapirplastics.com\/es\/wp-json\/wp\/v2\/media?parent=3789"}],"curies":[{"name":"wp","href":"https:\/\/api.w.org\/{rel}","templated":true}]}}